{"id":2,"date":"2018-03-26T11:21:27","date_gmt":"2018-03-26T09:21:27","guid":{"rendered":"http:\/\/climlattes.com\/?page_id=2"},"modified":"2018-05-21T16:15:59","modified_gmt":"2018-05-21T14:15:59","slug":"page-d-exemple","status":"publish","type":"page","link":"https:\/\/climlattes.com\/","title":{"rendered":"Accueil"},"content":{"rendered":"<p>[et_pb_section fb_built=\u00a0\u00bb1&Prime; background_color=\u00a0\u00bb#185bce\u00a0\u00bb _builder_version=\u00a0\u00bb3.0.98&Prime; background_size=\u00a0\u00bbcontain\u00a0\u00bb background_repeat=\u00a0\u00bbspace\u00a0\u00bb custom_padding=\u00a0\u00bb0px|0px|24px|0px\u00a0\u00bb][et_pb_row custom_padding=\u00a0\u00bb0px|0px|40px|0px\u00a0\u00bb _builder_version=\u00a0\u00bb3.0.98&Prime; background_size=\u00a0\u00bbinitial\u00a0\u00bb background_position=\u00a0\u00bbtop_left\u00a0\u00bb background_repeat=\u00a0\u00bbrepeat\u00a0\u00bb][et_pb_column type=\u00a0\u00bb1_2&Prime; _builder_version=\u00a0\u00bb3.0.47&Prime; parallax=\u00a0\u00bboff\u00a0\u00bb parallax_method=\u00a0\u00bbon\u00a0\u00bb][et_pb_image src=\u00a0\u00bbhttp:\/\/climlattes.com\/wp-content\/uploads\/2018\/04\/logo.png\u00a0\u00bb url=\u00a0\u00bbhttp:\/\/climlattes.com\/index.php\/faites-nous-confiance\/\u00a0\u00bb show_bottom_space=\u00a0\u00bboff\u00a0\u00bb align=\u00a0\u00bbcenter\u00a0\u00bb _builder_version=\u00a0\u00bb3.0.98&Prime; custom_margin=\u00a0\u00bb|||\u00a0\u00bb]\u00a0<br \/>\n[\/et_pb_image][\/et_pb_column][et_pb_column type=\u00a0\u00bb1_2&Prime; _builder_version=\u00a0\u00bb3.0.47&Prime; parallax=\u00a0\u00bboff\u00a0\u00bb parallax_method=\u00a0\u00bbon\u00a0\u00bb][et_pb_text background_layout=\u00a0\u00bbdark\u00a0\u00bb _builder_version=\u00a0\u00bb3.0.98&Prime; text_font=\u00a0\u00bb||||||||\u00a0\u00bb text_font_size=\u00a0\u00bb17px\u00a0\u00bb header_font=\u00a0\u00bb||||||||\u00a0\u00bb custom_margin=\u00a0\u00bb100px|||\u00a0\u00bb custom_margin_tablet=\u00a0\u00bb0px|||\u00a0\u00bb custom_margin_phone=\u00a0\u00bb5px|||\u00a0\u00bb custom_margin_last_edited=\u00a0\u00bbon|tablet\u00a0\u00bb custom_padding=\u00a0\u00bb|||\u00a0\u00bb]<\/p>\n<p style=\"text-align: center;\"><strong>NOTRE SOCI\u00c9T\u00c9<br \/>\n<\/strong><br \/>\nImplant\u00e9e sur la ville de Lattes dans l&rsquo;h\u00e9rault,\u00a0<strong>CLIM LATTES<\/strong>\u00a0garantie l&rsquo;installation de votre climatisation\u00a0et son SAV.<br \/>\nCLIM LATTES c&rsquo;est 19 ans d&rsquo;exp\u00e9rience dans l&rsquo;installation et la maintenance des climatiseurs chez le particulier.<\/p>\n<p>[\/et_pb_text][et_pb_button button_url=\u00a0\u00bbhttps:\/\/climlattes.com\/index.php\/faites-nous-confiance\/\u00a0\u00bb button_text=\u00a0\u00bbEn savoir plus\u00a0\u00bb button_alignment=\u00a0\u00bbcenter\u00a0\u00bb _builder_version=\u00a0\u00bb3.0.98&Prime; custom_margin_tablet=\u00a0\u00bb||50px|\u00a0\u00bb custom_margin_last_edited=\u00a0\u00bbon|desktop\u00a0\u00bb custom_button=\u00a0\u00bbon\u00a0\u00bb button_text_color=\u00a0\u00bb#ffffff\u00a0\u00bb button_font=\u00a0\u00bb||||||||\u00a0\u00bb]\u00a0<br \/>\n[\/et_pb_button][\/et_pb_column][\/et_pb_row][\/et_pb_section][et_pb_section fb_built=\u00a0\u00bb1&Prime; _builder_version=\u00a0\u00bb3.0.98&Prime; custom_padding=\u00a0\u00bb59px|0px|0px|0px\u00a0\u00bb global_module=\u00a0\u00bb499&Prime; saved_tabs=\u00a0\u00bball\u00a0\u00bb][et_pb_row make_fullwidth=\u00a0\u00bbon\u00a0\u00bb custom_padding=\u00a0\u00bb27px|0px|0px|0px\u00a0\u00bb _builder_version=\u00a0\u00bb3.0.98&Prime; background_size=\u00a0\u00bbinitial\u00a0\u00bb background_position=\u00a0\u00bbtop_left\u00a0\u00bb background_repeat=\u00a0\u00bbrepeat\u00a0\u00bb][et_pb_column type=\u00a0\u00bb1_4&Prime; _builder_version=\u00a0\u00bb3.0.47&Prime; parallax=\u00a0\u00bboff\u00a0\u00bb parallax_method=\u00a0\u00bbon\u00a0\u00bb][et_pb_blurb title=\u00a0\u00bbVotre clim \u00e0 partir de 1150\u20ac*\u00a0\u00bb url=\u00a0\u00bbhttps:\/\/climlattes.com\/index.php\/87-2\/\u00a0\u00bb icon_color=\u00a0\u00bb#2ea3f2&Prime; image=\u00a0\u00bbhttps:\/\/climlattes.com\/wp-content\/uploads\/2018\/05\/airconditionne-copie.jpg\u00a0\u00bb admin_label=\u00a0\u00bbBlurb\u00a0\u00bb _builder_version=\u00a0\u00bb3.0.98&Prime; header_font=\u00a0\u00bb|600|||||||\u00a0\u00bb background_size=\u00a0\u00bbinitial\u00a0\u00bb background_position=\u00a0\u00bbtop_left\u00a0\u00bb background_repeat=\u00a0\u00bbrepeat\u00a0\u00bb border_radii_image=\u00a0\u00bbon|2px|2px|2px|2px\u00a0\u00bb text_orientation=\u00a0\u00bbcenter\u00a0\u00bb]<\/p>\n<p>* Jusqu\u2019\u00e0 25m\u00b2 (selon isolation), pose\u00a0 en dos \u00e0 dos. Alimentation \u00e9lectrique \u00e0 moins de 2m.<\/p>\n<p>[\/et_pb_blurb][\/et_pb_column][et_pb_column type=\u00a0\u00bb1_4&Prime; _builder_version=\u00a0\u00bb3.0.47&Prime; parallax=\u00a0\u00bboff\u00a0\u00bb parallax_method=\u00a0\u00bbon\u00a0\u00bb][et_pb_blurb title=\u00a0\u00bbLes garanties CLIM LATTES\u00a0\u00bb url=\u00a0\u00bbhttps:\/\/climlattes.com\/index.php\/87-2\/\u00a0\u00bb icon_color=\u00a0\u00bb#2ea3f2&Prime; image=\u00a0\u00bbhttps:\/\/climlattes.com\/wp-content\/uploads\/2018\/05\/garanties-climlattes-2.jpg\u00a0\u00bb admin_label=\u00a0\u00bbBlurb\u00a0\u00bb _builder_version=\u00a0\u00bb3.0.98&Prime; header_font=\u00a0\u00bb|600|||||||\u00a0\u00bb background_size=\u00a0\u00bbinitial\u00a0\u00bb background_position=\u00a0\u00bbtop_left\u00a0\u00bb background_repeat=\u00a0\u00bbrepeat\u00a0\u00bb border_radii_image=\u00a0\u00bbon|2px|2px|2px|2px\u00a0\u00bb text_orientation=\u00a0\u00bbcenter\u00a0\u00bb]<\/p>\n<p>CLIM LATTES garantie ses installations 3 ans pi\u00e8ces, main d&rsquo;oeuvre et d\u00e9placement sur Lattes (et rayon 10 km). 5 ans sur les compresseurs.<\/p>\n<p>[\/et_pb_blurb][\/et_pb_column][et_pb_column type=\u00a0\u00bb1_4&Prime; _builder_version=\u00a0\u00bb3.0.47&Prime; parallax=\u00a0\u00bboff\u00a0\u00bb parallax_method=\u00a0\u00bbon\u00a0\u00bb][et_pb_blurb title=\u00a0\u00bbQuelle clim est faite pour vous ?\u00a0\u00bb url=\u00a0\u00bbhttps:\/\/climlattes.com\/index.php\/comprendre-votre-climatiseur\/\u00a0\u00bb icon_color=\u00a0\u00bb#2ea3f2&Prime; image=\u00a0\u00bbhttps:\/\/climlattes.com\/wp-content\/uploads\/2018\/05\/vignette-2.jpg\u00a0\u00bb admin_label=\u00a0\u00bbBlurb\u00a0\u00bb _builder_version=\u00a0\u00bb3.0.98&Prime; header_font=\u00a0\u00bb|600|||||||\u00a0\u00bb background_size=\u00a0\u00bbinitial\u00a0\u00bb background_position=\u00a0\u00bbtop_left\u00a0\u00bb background_repeat=\u00a0\u00bbrepeat\u00a0\u00bb border_radii_image=\u00a0\u00bbon|2px|2px|2px|2px\u00a0\u00bb text_orientation=\u00a0\u00bbcenter\u00a0\u00bb]<\/p>\n<p>D\u00e9couvrez et comprennez pourquoi les termes : r\u00e9versible, PAC et COP sont importants dans le choix de votre mod\u00e8le de climatisation.<\/p>\n<p>[\/et_pb_blurb][\/et_pb_column][et_pb_column type=\u00a0\u00bb1_4&Prime; _builder_version=\u00a0\u00bb3.0.47&Prime; parallax=\u00a0\u00bboff\u00a0\u00bb parallax_method=\u00a0\u00bbon\u00a0\u00bb][et_pb_blurb title=\u00a0\u00bbD\u00e9pannage &#038; maintenance\u00a0\u00bb url=\u00a0\u00bbhttps:\/\/climlattes.com\/index.php\/depannage\/\u00a0\u00bb icon_color=\u00a0\u00bb#2ea3f2&Prime; image=\u00a0\u00bbhttps:\/\/climlattes.com\/wp-content\/uploads\/2018\/05\/depannage-clim-lattes.jpg\u00a0\u00bb admin_label=\u00a0\u00bbBlurb\u00a0\u00bb _builder_version=\u00a0\u00bb3.0.98&Prime; header_font=\u00a0\u00bb|600|||||||\u00a0\u00bb background_size=\u00a0\u00bbinitial\u00a0\u00bb background_position=\u00a0\u00bbtop_left\u00a0\u00bb background_repeat=\u00a0\u00bbrepeat\u00a0\u00bb border_radii_image=\u00a0\u00bbon|2px|2px|2px|2px\u00a0\u00bb text_orientation=\u00a0\u00bbcenter\u00a0\u00bb]<\/p>\n<p>Votre climatisation est tomb\u00e9e en panne ?<br \/> Ou pour la maintenance de votre appareil, contactez-nous.<\/p>\n<p>[\/et_pb_blurb][et_pb_text _builder_version=\u00a0\u00bb3.0.98&Prime;]<\/p>\n<p>[\/et_pb_text][et_pb_text _builder_version=\u00a0\u00bb3.0.98&Prime;]<\/p>\n<p>[\/et_pb_text][\/et_pb_column][\/et_pb_row][\/et_pb_section][et_pb_section fb_built=\u00a0\u00bb1&Prime; background_color=\u00a0\u00bb#efefef\u00a0\u00bb _builder_version=\u00a0\u00bb3.0.98&Prime; custom_padding=\u00a0\u00bb0px|0px|54px|0px\u00a0\u00bb global_module=\u00a0\u00bb466&Prime;][et_pb_row custom_padding=\u00a0\u00bb40px|0px|27px|0px\u00a0\u00bb _builder_version=\u00a0\u00bb3.0.98&Prime;][et_pb_column type=\u00a0\u00bb4_4&Prime; _builder_version=\u00a0\u00bb3.0.47&Prime; parallax=\u00a0\u00bboff\u00a0\u00bb parallax_method=\u00a0\u00bbon\u00a0\u00bb][et_pb_contact_form captcha=\u00a0\u00bboff\u00a0\u00bb email=\u00a0\u00bbclement1707@gmail.com \u00a0\u00bb title=\u00a0\u00bbUn devis ? Une question ? Contactez-nous !\u00a0\u00bb success_message=\u00a0\u00bbMerci de votre message, nous y r\u00e9pondrons d\u00e8s que possible\u00a0\u00bb module_id=\u00a0\u00bbet_pb_contact_form_0&Prime; _builder_version=\u00a0\u00bb3.0.98&Prime; title_font=\u00a0\u00bb||||||||\u00a0\u00bb title_font_size=\u00a0\u00bb17px\u00a0\u00bb form_field_font=\u00a0\u00bb||||||||\u00a0\u00bb][et_pb_contact_field field_id=\u00a0\u00bbName\u00a0\u00bb field_title=\u00a0\u00bbNom\u00a0\u00bb field_background_color=\u00a0\u00bb#ffffff\u00a0\u00bb _builder_version=\u00a0\u00bb3.0.98&Prime; form_field_font=\u00a0\u00bb||||||||\u00a0\u00bb border_radii=\u00a0\u00bbon||||\u00a0\u00bb][\/et_pb_contact_field][et_pb_contact_field field_id=\u00a0\u00bbEmail\u00a0\u00bb field_title=\u00a0\u00bbAdresse e-mail\u00a0\u00bb field_type=\u00a0\u00bbemail\u00a0\u00bb field_background_color=\u00a0\u00bb#ffffff\u00a0\u00bb _builder_version=\u00a0\u00bb3.0.98&Prime; form_field_font=\u00a0\u00bb||||||||\u00a0\u00bb border_radii=\u00a0\u00bbon||||\u00a0\u00bb][\/et_pb_contact_field][et_pb_contact_field field_id=\u00a0\u00bbt\u00e9l\u00e9phone\u00a0\u00bb field_title=\u00a0\u00bbT\u00e9l\u00e9phone\u00a0\u00bb fullwidth_field=\u00a0\u00bbon\u00a0\u00bb field_background_color=\u00a0\u00bb#ffffff\u00a0\u00bb _builder_version=\u00a0\u00bb3.0.98&Prime;][\/et_pb_contact_field][et_pb_contact_field field_id=\u00a0\u00bbMessage\u00a0\u00bb field_title=\u00a0\u00bbMessage\u00a0\u00bb field_type=\u00a0\u00bbtext\u00a0\u00bb fullwidth_field=\u00a0\u00bbon\u00a0\u00bb field_background_color=\u00a0\u00bb#ffffff\u00a0\u00bb _builder_version=\u00a0\u00bb3.0.98&Prime; form_field_font=\u00a0\u00bb||||||||\u00a0\u00bb border_radii=\u00a0\u00bbon||||\u00a0\u00bb][\/et_pb_contact_field][\/et_pb_contact_form][et_pb_text _builder_version=\u00a0\u00bb3.0.98&Prime;]<\/p>\n<p><em>En soumettant ce formulaire, vous acceptez que les informations saisies soient utilis\u00e9es pour permettre de vous recontacter en retour dans le cadre d&rsquo;une demande de devis, de renseignements etc&#8230; Pour plus d&rsquo;informations, consultez notre <a href=\"https:\/\/climlattes.com\/index.php\/politique-de-confidentialite\/\">politique de confidentialit\u00e9.<\/a><\/em><\/p>\n<p>[\/et_pb_text][\/et_pb_column][\/et_pb_row][\/et_pb_section]<\/p>\n","protected":false},"excerpt":{"rendered":"<p>\u00a0 NOTRE SOCI\u00c9T\u00c9 Implant\u00e9e sur la ville de Lattes dans l&rsquo;h\u00e9rault,\u00a0CLIM LATTES\u00a0garantie l&rsquo;installation de votre climatisation\u00a0et son SAV. CLIM LATTES c&rsquo;est 19 ans d&rsquo;exp\u00e9rience dans l&rsquo;installation et la maintenance des climatiseurs chez le particulier. \u00a0 * Jusqu\u2019\u00e0 25m\u00b2 (selon isolation), pose\u00a0 en dos \u00e0 dos. Alimentation \u00e9lectrique \u00e0 moins de 2m.CLIM LATTES garantie ses installations [&hellip;]<\/p>\n","protected":false},"author":1,"featured_media":0,"parent":0,"menu_order":0,"comment_status":"closed","ping_status":"open","template":"","meta":{"_et_pb_use_builder":"on","_et_pb_old_content":"<p>Voici un exemple de page. Elle est diff\u00e9rente d\u2019un article de blog, en cela qu\u2019elle restera \u00e0 la m\u00eame place, et s\u2019affichera dans le menu de navigation de votre site (en fonction de votre th\u00e8me). La plupart des gens commencent par \u00e9crire une page \u00ab\u00a0\u00c0 Propos\u00a0\u00bb qui les pr\u00e9sente aux visiteurs potentiels du site. Vous pourriez y \u00e9crire quelque chose de ce tenant\u00a0:<\/p><blockquote><p>Bonjour\u00a0! Je suis un m\u00e9canicien qui aspire \u00e0 devenir un acteur, et ceci est mon blog. J\u2019habite \u00e0 Bordeaux, j\u2019ai un super chien qui s\u2019appelle Russell, et j\u2019aime la vodka-ananas (ainsi que perdre mon temps \u00e0 regarder la pluie tomber).<\/p><\/blockquote><p>...ou bien quelque chose comme cela\u00a0:<\/p><blockquote><p>La soci\u00e9t\u00e9 123 Machin Truc a \u00e9t\u00e9 cr\u00e9\u00e9e en 1971, et n\u2019a cess\u00e9 de proposer au public des machins-trucs de qualit\u00e9 depuis cette ann\u00e9e. Situ\u00e9e \u00e0 Saint-Remy-en-Bouzemont-Saint-Genest-et-Isson, 123 Machin Truc emploie 2\u00a0000 personnes, et fabrique toutes sortes de bidules super pour la communaut\u00e9 bouzemontoise.<\/p><\/blockquote><p>\u00c9tant donn\u00e9 que vous \u00eates un nouvel utilisateur ou une nouvelle utilisatrice de WordPress, vous devriez vous rendre sur votre <a href=\"http:\/\/climlattes.com\/wp-admin\/\">tableau de bord<\/a> pour effacer la pr\u00e9sente page, et cr\u00e9er de nouvelles pages avec votre propre contenu. Amusez-vous bien\u00a0!<\/p>","_et_gb_content_width":""},"_links":{"self":[{"href":"https:\/\/climlattes.com\/index.php\/wp-json\/wp\/v2\/pages\/2"}],"collection":[{"href":"https:\/\/climlattes.com\/index.php\/wp-json\/wp\/v2\/pages"}],"about":[{"href":"https:\/\/climlattes.com\/index.php\/wp-json\/wp\/v2\/types\/page"}],"author":[{"embeddable":true,"href":"https:\/\/climlattes.com\/index.php\/wp-json\/wp\/v2\/users\/1"}],"replies":[{"embeddable":true,"href":"https:\/\/climlattes.com\/index.php\/wp-json\/wp\/v2\/comments?post=2"}],"version-history":[{"count":39,"href":"https:\/\/climlattes.com\/index.php\/wp-json\/wp\/v2\/pages\/2\/revisions"}],"predecessor-version":[{"id":523,"href":"https:\/\/climlattes.com\/index.php\/wp-json\/wp\/v2\/pages\/2\/revisions\/523"}],"wp:attachment":[{"href":"https:\/\/climlattes.com\/index.php\/wp-json\/wp\/v2\/media?parent=2"}],"curies":[{"name":"wp","href":"https:\/\/api.w.org\/{rel}","templated":true}]}}