{"id":200,"date":"2018-05-08T10:39:43","date_gmt":"2018-05-08T08:39:43","guid":{"rendered":"http:\/\/climlattes.com\/?page_id=200"},"modified":"2018-05-19T09:30:17","modified_gmt":"2018-05-19T07:30:17","slug":"comprendre-votre-climatiseur","status":"publish","type":"page","link":"https:\/\/climlattes.com\/index.php\/comprendre-votre-climatiseur\/","title":{"rendered":"Comprendre votre climatiseur"},"content":{"rendered":"<p>[et_pb_section fb_built=\u00a0\u00bb1&Prime; background_color=\u00a0\u00bb#3065c1&Prime; fullwidth=\u00a0\u00bbon\u00a0\u00bb _builder_version=\u00a0\u00bb3.0.98&Prime; custom_padding=\u00a0\u00bb0px|0px|0px|0px\u00a0\u00bb][et_pb_fullwidth_header title=\u00a0\u00bbFonctionnement d&rsquo;une climatisation\u00a0\u00bb background_layout=\u00a0\u00bbdark\u00a0\u00bb header_image_url=\u00a0\u00bbhttp:\/\/climlattes.com\/wp-content\/uploads\/2018\/04\/logo.png\u00a0\u00bb admin_label=\u00a0\u00bbFullwidth Header\u00a0\u00bb _builder_version=\u00a0\u00bb3.0.98&Prime; title_font=\u00a0\u00bb||||||||\u00a0\u00bb title_text_align=\u00a0\u00bbcenter\u00a0\u00bb background_size=\u00a0\u00bbinitial\u00a0\u00bb background_position=\u00a0\u00bbtop_left\u00a0\u00bb background_repeat=\u00a0\u00bbrepeat\u00a0\u00bb]<\/p>\n<p style=\"text-align: center;\">La climatisation est une technique utilis\u00e9e pour modifier les conditions climatiques d\u2019un environnement, ceci pour des raisons de confort ou d\u2019obtention de conditions particuli\u00e8res.<\/p>\n<p style=\"text-align: center;\">D\u00e9couvrez et comprenez les fonctionnements des diff\u00e9rents types de climatiseurs et pourquoi il est important d&rsquo;y \u00eatre sensibilis\u00e9 avant de faire votre choix.<\/p>\n<p>[\/et_pb_fullwidth_header][\/et_pb_section][et_pb_section fb_built=\u00a0\u00bb1&Prime; background_color=\u00a0\u00bb#f2f2f2&Prime; _builder_version=\u00a0\u00bb3.0.98&Prime; module_alignment=\u00a0\u00bbcenter\u00a0\u00bb][et_pb_row make_fullwidth=\u00a0\u00bbon\u00a0\u00bb custom_padding=\u00a0\u00bb|||\u00a0\u00bb _builder_version=\u00a0\u00bb3.0.98&Prime;][et_pb_column type=\u00a0\u00bb1_2&Prime; _builder_version=\u00a0\u00bb3.0.47&Prime; parallax=\u00a0\u00bboff\u00a0\u00bb parallax_method=\u00a0\u00bbon\u00a0\u00bb][et_pb_image src=\u00a0\u00bbhttp:\/\/climlattes.com\/wp-content\/uploads\/2018\/05\/maison-clim.jpg\u00a0\u00bb align=\u00a0\u00bbright\u00a0\u00bb _builder_version=\u00a0\u00bb3.0.98&Prime;][\/et_pb_image][\/et_pb_column][et_pb_column type=\u00a0\u00bb1_2&Prime; _builder_version=\u00a0\u00bb3.0.47&Prime; parallax=\u00a0\u00bboff\u00a0\u00bb parallax_method=\u00a0\u00bbon\u00a0\u00bb][et_pb_text _builder_version=\u00a0\u00bb3.0.98&Prime;]<\/p>\n<h4><strong>UN SEUL APPAREIL POUR FAIRE DU CHAUD ET DU FROID<\/strong><\/h4>\n<p><strong>Comment peut-on \u00ab fabriquer \u00bb du froid en \u00e9t\u00e9 ?<\/strong><br \/>\nPour rafraichir un environnement il va falloir retirer des calories \u00e0 un volume d\u2019air. On peut retirer de la chaleur \u00e0 un volume d\u2019air afin d\u2019atteindre le 0 absolu, appel\u00e9 autrement le 0 kelvin (-273,15\u00b0C). Ainsi \u00e0 partir de cette temp\u00e9rature, il n\u2019y a plus de calorie \u00e0 retirer.<\/p>\n<p><strong>Comment peut-on \u00ab fabriquer \u00bb du chaud en hiver ?<\/strong><br \/>\nInversement, pour faire du chaud en hiver, il faudra apporter des calories \u00e0 un volume d\u2019air afin de lui apporter de la chaleur.<\/p>\n<p><strong>Qu\u2019est-ce que le COP ?<\/strong><br \/>\nC\u2019est le coefficient de performance de la PAC (pompe \u00e0 chaleur). Ce coefficient s\u2019exprime ainsi : c\u2019est\u00a0 la consommation \u00e9lectrique (exprim\u00e9e en watt) absorb\u00e9e par une machine (chauffage, climatiseur\u2026) par rapport \u00e0 la quantit\u00e9 de chaleur restitu\u00e9e par cette m\u00eame machine. Par exemple, un radiateur \u00e9lectrique qui consomme 2000 watts et\u00a0 restitue 2000 watts de chaleur va avoir un COP de 1. Une climatisation r\u00e9versible (\u00e9galement appel\u00e9e PAC air\/air) va elle consommer 1000 watts pour en restituer 3710, son COP est donc de 3,71.<\/p>\n<p><strong> Pourquoi une climatisation r\u00e9versible est-elle plus \u00e9conomique au niveau de la consommation \u00e9lectrique ?<\/strong><br \/>\nUne climatisation r\u00e9versible consomme jusqu\u2019\u00e0 4 fois moins qu\u2019un radiateur \u00e9lectrique car il n\u2019y a aucune r\u00e9sistance \u00e0 l\u2019int\u00e9rieur. C\u2019est un syst\u00e8me qui r\u00e9cup\u00e8re les calories de chaleur \u00e0 l\u2019ext\u00e9rieur pour les r\u00e9injecter dans la pi\u00e8ce \u00e0 vivre.<br \/>\n[\/et_pb_text][\/et_pb_column][\/et_pb_row][\/et_pb_section][et_pb_section fb_built=\u00a0\u00bb1&Prime; background_color=\u00a0\u00bb#ffffff\u00a0\u00bb _builder_version=\u00a0\u00bb3.0.98&Prime; custom_padding=\u00a0\u00bb0px|0px|0px|0px\u00a0\u00bb][et_pb_row make_fullwidth=\u00a0\u00bbon\u00a0\u00bb custom_padding=\u00a0\u00bb80px|0px|0px|0px\u00a0\u00bb _builder_version=\u00a0\u00bb3.0.98&Prime;][et_pb_column type=\u00a0\u00bb1_2&Prime; _builder_version=\u00a0\u00bb3.0.47&Prime; parallax=\u00a0\u00bboff\u00a0\u00bb parallax_method=\u00a0\u00bbon\u00a0\u00bb][et_pb_text _builder_version=\u00a0\u00bb3.0.98&Prime;]<strong>Comment fonctionne une climatisation en chaud ?<\/strong><\/p>\n<p>Une climatisation se compose de 3 \u00e9l\u00e9ments importants :<\/p>\n<p>1\/ Le groupe ext\u00e9rieur qui r\u00e9cup\u00e8re les calories (chaleur) dans l\u2019air ext\u00e9rieur.<br \/>\n2 \/ La liaison de cuivre frigorifique qui envoie dans un sens les calories de chaleur r\u00e9cup\u00e9r\u00e9es par le groupe ext\u00e9rieur vers l\u2019unit\u00e9 int\u00e9rieur.<br \/>\n3 \/ L\u2019unit\u00e9 int\u00e9rieur qui, apr\u00e8s avoir r\u00e9cup\u00e9r\u00e9 les calories de chaleur, les restitue dans la pi\u00e8ce \u00e0 vivre.<\/p>\n<p><strong>Comment fonctionne une climatisation en froid ?<\/strong><\/p>\n<p>Le groupe ext\u00e9rieur enl\u00e8ve des calories \u00e0 l\u2019\u00e9changeurs de l\u2019unit\u00e9 int\u00e9rieur et les expulse \u00e0 l\u2019int\u00e9rieur.<br \/>\nL\u2019\u00e9changeur de l\u2019unit\u00e9 int\u00e9rieur est froid. L\u2019air de la pi\u00e8ce rentre en contact avec lui gr\u00e2ce au ventilateur et r\u00e9cup\u00e8re les calories pour les expulser dehors, ce qui entraine une diminution de la temp\u00e9rature dans la pi\u00e8ce.<\/p>\n<p><strong>TECHNOLOGIE INVERTER :<\/strong><\/p>\n<p>Il y a quelques ann\u00e9es, les syst\u00e8mes de climatisation fonctionnaient de la mani\u00e8re \u00ab\u00a0on\/off\u00a0\u00bb. C\u2019est \u00e0 dire qu\u2019en demandant une temp\u00e9rature de 22\u00b0C, la climatisation fonctionnait jusqu\u2019\u00e0 atteindre une temp\u00e9rature de 23\u00b0C puis s\u2019arr\u00eatait. Une fois la temp\u00e9rature redescendue \u00e0 21\u00b0C celle-ci se r\u00e9enclenchait afin d\u2019attendre \u00e0 nouveau 23\u00b0C. Et cela de mani\u00e8re ininterrompue.<\/p>\n<p>Aujourd\u2019hui pratiquement toutes les climatisations sont \u00e9quip\u00e9es du syst\u00e8me INVERTER et sont capable de maintenir une temp\u00e9rature demand\u00e9e, sans s\u2019arr\u00eater.<\/p>\n<p>Explication : la clim g\u00e9rant plusieurs syst\u00e8mes de production de chaleur et de consommation, consommera toujours moins qu\u2019un radiateur (m\u00eame \u00e0 fond).<br \/>\nS\u2019il la temp\u00e9rature de votre salon est de 15\u00b0C et que vous souhaitez une temp\u00e9rature de 22\u00b0C, votre climatisation aura, selon le mod\u00e8le, une temp\u00e9rature de soufflage \u00e0 45\u00b0C et soufflera de moins en moins chaud au fur et \u00e0 mesure qu\u2019elle approchera la temp\u00e9rature de consigne. Ainsi, cette temp\u00e9rature sera maintenue de mani\u00e8re constante, et la consommation en \u00e9nergie de votre climatisation sera par cons\u00e9quent faible.<\/p>\n<p><strong>Aussi, nous vous conseillons toujours de la faire fonctionner pendant vos heures d\u2019absence avec un voire deux degr\u00e9s de moins, plut\u00f4t que de l\u2019arr\u00eater.<\/strong><\/p>\n<p>Il faut savoir que malgr\u00e9 ce que l\u2019on a tendance \u00e0 croire, si la climatisation reste allum\u00e9e constamment avec un temp\u00e9rature demand\u00e9e, celle-ci consommera moins d\u2019\u00e9lectricit\u00e9 que si cette derni\u00e8re est \u00e9teinte pendant votre absence et rallum\u00e9e d\u00e8s votre retour.<br \/>\n[\/et_pb_text][et_pb_text _builder_version=\u00a0\u00bb3.0.98&Prime;][\/et_pb_text][\/et_pb_column][et_pb_column type=\u00a0\u00bb1_2&Prime; _builder_version=\u00a0\u00bb3.0.47&Prime; parallax=\u00a0\u00bboff\u00a0\u00bb parallax_method=\u00a0\u00bbon\u00a0\u00bb][et_pb_image src=\u00a0\u00bbhttp:\/\/climlattes.com\/wp-content\/uploads\/2018\/05\/FONCTIONNEMENT_CLIM-3.jpg\u00a0\u00bb show_in_lightbox=\u00a0\u00bbon\u00a0\u00bb _builder_version=\u00a0\u00bb3.0.98&Prime; custom_margin=\u00a0\u00bb|||\u00a0\u00bb custom_padding=\u00a0\u00bb|||\u00a0\u00bb][\/et_pb_image][\/et_pb_column][\/et_pb_row][\/et_pb_section][et_pb_section fb_built=\u00a0\u00bb1&Prime; background_color=\u00a0\u00bb#fcfcfc\u00a0\u00bb _builder_version=\u00a0\u00bb3.0.98&Prime; custom_padding=\u00a0\u00bb0px|0px|0px|0px\u00a0\u00bb][et_pb_row make_fullwidth=\u00a0\u00bbon\u00a0\u00bb custom_padding=\u00a0\u00bb39px|0px|0px|0px\u00a0\u00bb _builder_version=\u00a0\u00bb3.0.98&Prime;][et_pb_column type=\u00a0\u00bb1_2&Prime; _builder_version=\u00a0\u00bb3.0.47&Prime; parallax=\u00a0\u00bboff\u00a0\u00bb parallax_method=\u00a0\u00bbon\u00a0\u00bb][et_pb_image src=\u00a0\u00bbhttp:\/\/climlattes.com\/wp-content\/uploads\/2018\/05\/gainable2-1.jpg\u00a0\u00bb show_in_lightbox=\u00a0\u00bbon\u00a0\u00bb _builder_version=\u00a0\u00bb3.0.98&Prime;][\/et_pb_image][et_pb_text _builder_version=\u00a0\u00bb3.0.98&Prime;][\/et_pb_text][\/et_pb_column][et_pb_column type=\u00a0\u00bb1_2&Prime; _builder_version=\u00a0\u00bb3.0.47&Prime; parallax=\u00a0\u00bboff\u00a0\u00bb parallax_method=\u00a0\u00bbon\u00a0\u00bb][et_pb_text _builder_version=\u00a0\u00bb3.0.98&Prime;]<strong>FONCTIONNEMENT D&rsquo;UN GAINABLE<\/strong><\/p>\n<p>Le gainable est le plus discret et le plus silencieux des appareils de climatisation, pour une habitation avec des combles.<\/p>\n<p>L\u2019UE (Unit\u00e9 Exterieur)<strong><span style=\"color: #3366ff;\"> 1<\/span><\/strong> r\u00e9cup\u00e8re les calories de l\u2019air ext\u00e9rieur et les envoie via la liaison frigorifique <strong><span style=\"color: #3366ff;\">2<\/span><\/strong> dans l\u2019U.I. (Unit\u00e9 Interieur) <strong><span style=\"color: #3366ff;\">3<\/span><\/strong>.<br \/>\n\u00c0 la demande de la t\u00e9l\u00e9commande <strong><span style=\"color: #3366ff;\">4<\/span><\/strong>\u00a0(consigne de temp\u00e9rature) le syst\u00e8me se met en marche. L\u2019air de votre maison est aspir\u00e9 par la grille avec filtre <strong><span style=\"color: #3366ff;\">4<\/span><\/strong>, passe dans l\u2019UI et se fait r\u00e9chauffer pour \u00eatre ensuite expuls\u00e9 vers les bouches de soufflage\u00a0<strong><span style=\"color: #3366ff;\">6<\/span><\/strong>.<br \/>\nAinsi la temp\u00e9rature demand\u00e9e \u00e0 la t\u00e9l\u00e9commande est maintenue.<br \/>\nPour les chambres, c\u2019est le thermostat <span style=\"color: #0c71c3;\"><strong>7<\/strong><\/span> qui agit sur le volet motoris\u00e9<strong><span style=\"color: #3366ff;\"> 8<\/span><\/strong>\u00a0qui, en s\u2019ouvrant et se fermant laisse passer l\u2019air envoy\u00e9 par le gainable dans la chambre.<\/p>\n<p><strong>Tout le r\u00e9seau de gaine de raccord a\u00e9rolique est \u00e9tanche.<\/strong><\/p>\n<p>En aucun cas de l\u2019air \u00ab\u00a0neuf\u00a0\u00bb est amen\u00e9 dans l\u2019habitation (ce qui est le r\u00f4le de la VMC).<br \/>\nLe syst\u00e8me a\u00e9rolique reste propre et sain gr\u00e2ce au filtre de la grille de reprise.<br \/>\n<strong><span style=\"color: #3366ff;\">9<\/span><\/strong>\u00a0=\u00a0Alimentation \u00e9lectrique depuis le tableau<br \/>\n[\/et_pb_text][\/et_pb_column][\/et_pb_row][\/et_pb_section][et_pb_section fb_built=\u00a0\u00bb1&Prime; _builder_version=\u00a0\u00bb3.0.98&Prime; custom_padding=\u00a0\u00bb59px|0px|0px|0px\u00a0\u00bb global_module=\u00a0\u00bb499&Prime;][et_pb_row make_fullwidth=\u00a0\u00bbon\u00a0\u00bb custom_padding=\u00a0\u00bb27px|0px|0px|0px\u00a0\u00bb _builder_version=\u00a0\u00bb3.0.98&Prime; background_size=\u00a0\u00bbinitial\u00a0\u00bb background_position=\u00a0\u00bbtop_left\u00a0\u00bb background_repeat=\u00a0\u00bbrepeat\u00a0\u00bb][et_pb_column type=\u00a0\u00bb1_4&Prime; _builder_version=\u00a0\u00bb3.0.47&Prime; parallax=\u00a0\u00bboff\u00a0\u00bb parallax_method=\u00a0\u00bbon\u00a0\u00bb][et_pb_blurb title=\u00a0\u00bbVotre clim \u00e0 partir de 1150\u20ac*\u00a0\u00bb url=\u00a0\u00bbhttps:\/\/climlattes.com\/index.php\/87-2\/\u00a0\u00bb icon_color=\u00a0\u00bb#2ea3f2&Prime; image=\u00a0\u00bbhttp:\/\/climlattes.com\/wp-content\/uploads\/2018\/05\/airconditionne-copie.jpg\u00a0\u00bb admin_label=\u00a0\u00bbBlurb\u00a0\u00bb _builder_version=\u00a0\u00bb3.0.98&Prime; header_font=\u00a0\u00bb|600|||||||\u00a0\u00bb background_size=\u00a0\u00bbinitial\u00a0\u00bb background_position=\u00a0\u00bbtop_left\u00a0\u00bb background_repeat=\u00a0\u00bbrepeat\u00a0\u00bb border_radii_image=\u00a0\u00bbon|2px|2px|2px|2px\u00a0\u00bb text_orientation=\u00a0\u00bbcenter\u00a0\u00bb]* Jusqu\u2019\u00e0 25m\u00b2 (selon isolation), pose\u00a0 en dos \u00e0 dos. Alimentation \u00e9lectrique \u00e0 moins de 2m.<br \/>\n[\/et_pb_blurb][\/et_pb_column][et_pb_column type=\u00a0\u00bb1_4&Prime; _builder_version=\u00a0\u00bb3.0.47&Prime; parallax=\u00a0\u00bboff\u00a0\u00bb parallax_method=\u00a0\u00bbon\u00a0\u00bb][et_pb_blurb title=\u00a0\u00bbLes garanties CLIM LATTES\u00a0\u00bb url=\u00a0\u00bbhttps:\/\/climlattes.com\/index.php\/87-2\/\u00a0\u00bb icon_color=\u00a0\u00bb#2ea3f2&Prime; image=\u00a0\u00bbhttp:\/\/climlattes.com\/wp-content\/uploads\/2018\/05\/garanties-climlattes-2.jpg\u00a0\u00bb admin_label=\u00a0\u00bbBlurb\u00a0\u00bb _builder_version=\u00a0\u00bb3.0.98&Prime; header_font=\u00a0\u00bb|600|||||||\u00a0\u00bb background_size=\u00a0\u00bbinitial\u00a0\u00bb background_position=\u00a0\u00bbtop_left\u00a0\u00bb background_repeat=\u00a0\u00bbrepeat\u00a0\u00bb border_radii_image=\u00a0\u00bbon|2px|2px|2px|2px\u00a0\u00bb text_orientation=\u00a0\u00bbcenter\u00a0\u00bb]CLIM LATTES garantie ses installations 3 ans pi\u00e8ces, main d&rsquo;oeuvre et d\u00e9placement sur Lattes (et rayon 10 km). 5 ans sur les compresseurs.<br \/>\n[\/et_pb_blurb][\/et_pb_column][et_pb_column type=\u00a0\u00bb1_4&Prime; _builder_version=\u00a0\u00bb3.0.47&Prime; parallax=\u00a0\u00bboff\u00a0\u00bb parallax_method=\u00a0\u00bbon\u00a0\u00bb][et_pb_blurb title=\u00a0\u00bbQuelle clim est faite pour vous ?\u00a0\u00bb url=\u00a0\u00bbhttps:\/\/climlattes.com\/index.php\/comprendre-votre-climatiseur\/\u00a0\u00bb icon_color=\u00a0\u00bb#2ea3f2&Prime; image=\u00a0\u00bbhttp:\/\/climlattes.com\/wp-content\/uploads\/2018\/05\/vignette-2.jpg\u00a0\u00bb admin_label=\u00a0\u00bbBlurb\u00a0\u00bb _builder_version=\u00a0\u00bb3.0.98&Prime; header_font=\u00a0\u00bb|600|||||||\u00a0\u00bb background_size=\u00a0\u00bbinitial\u00a0\u00bb background_position=\u00a0\u00bbtop_left\u00a0\u00bb background_repeat=\u00a0\u00bbrepeat\u00a0\u00bb border_radii_image=\u00a0\u00bbon|2px|2px|2px|2px\u00a0\u00bb text_orientation=\u00a0\u00bbcenter\u00a0\u00bb]D\u00e9couvrez et comprennez pourquoi les termes : r\u00e9versible, PAC et COP sont importants dans le choix de votre mod\u00e8le de climatisation.<br \/>\n[\/et_pb_blurb][\/et_pb_column][et_pb_column type=\u00a0\u00bb1_4&Prime; _builder_version=\u00a0\u00bb3.0.47&Prime; parallax=\u00a0\u00bboff\u00a0\u00bb parallax_method=\u00a0\u00bbon\u00a0\u00bb][et_pb_blurb title=\u00a0\u00bbD\u00e9pannage &#038; maintenance\u00a0\u00bb url=\u00a0\u00bbhttps:\/\/climlattes.com\/index.php\/depannage\/\u00a0\u00bb icon_color=\u00a0\u00bb#2ea3f2&Prime; image=\u00a0\u00bbhttp:\/\/climlattes.com\/wp-content\/uploads\/2018\/05\/depannage-clim-lattes.jpg\u00a0\u00bb admin_label=\u00a0\u00bbBlurb\u00a0\u00bb _builder_version=\u00a0\u00bb3.0.98&Prime; header_font=\u00a0\u00bb|600|||||||\u00a0\u00bb background_size=\u00a0\u00bbinitial\u00a0\u00bb background_position=\u00a0\u00bbtop_left\u00a0\u00bb background_repeat=\u00a0\u00bbrepeat\u00a0\u00bb border_radii_image=\u00a0\u00bbon|2px|2px|2px|2px\u00a0\u00bb text_orientation=\u00a0\u00bbcenter\u00a0\u00bb]Votre climatisation est tomb\u00e9e en panne ?<br \/>\nOu pour la maintenance de votre appareil, contactez-nous.<br \/>\n[\/et_pb_blurb][et_pb_text _builder_version=\u00a0\u00bb3.0.98&Prime;]\u00a0<br \/>\n[\/et_pb_text][et_pb_text _builder_version=\u00a0\u00bb3.0.98&Prime;]\u00a0<br \/>\n[\/et_pb_text][\/et_pb_column][\/et_pb_row][\/et_pb_section][et_pb_section fb_built=\u00a0\u00bb1&Prime; background_color=\u00a0\u00bb#efefef\u00a0\u00bb _builder_version=\u00a0\u00bb3.0.98&Prime; custom_padding=\u00a0\u00bb0px|0px|54px|0px\u00a0\u00bb global_module=\u00a0\u00bb466&Prime;][et_pb_row custom_padding=\u00a0\u00bb40px|0px|27px|0px\u00a0\u00bb _builder_version=\u00a0\u00bb3.0.98&Prime;][et_pb_column type=\u00a0\u00bb4_4&Prime; _builder_version=\u00a0\u00bb3.0.47&Prime; parallax=\u00a0\u00bboff\u00a0\u00bb parallax_method=\u00a0\u00bbon\u00a0\u00bb][et_pb_contact_form captcha=\u00a0\u00bboff\u00a0\u00bb email=\u00a0\u00bbclement1707@gmail.com \u00a0\u00bb title=\u00a0\u00bbUn devis ? Une question ? Contactez-nous !\u00a0\u00bb success_message=\u00a0\u00bbMerci de votre message, nous y r\u00e9pondrons d\u00e8s que possible\u00a0\u00bb module_id=\u00a0\u00bbet_pb_contact_form_0&Prime; _builder_version=\u00a0\u00bb3.0.98&Prime; title_font=\u00a0\u00bb||||||||\u00a0\u00bb title_font_size=\u00a0\u00bb17px\u00a0\u00bb form_field_font=\u00a0\u00bb||||||||\u00a0\u00bb][et_pb_contact_field field_id=\u00a0\u00bbName\u00a0\u00bb field_title=\u00a0\u00bbNom\u00a0\u00bb field_background_color=\u00a0\u00bb#ffffff\u00a0\u00bb _builder_version=\u00a0\u00bb3.0.98&Prime; form_field_font=\u00a0\u00bb||||||||\u00a0\u00bb border_radii=\u00a0\u00bbon||||\u00a0\u00bb][\/et_pb_contact_field][et_pb_contact_field field_id=\u00a0\u00bbEmail\u00a0\u00bb field_title=\u00a0\u00bbAdresse e-mail\u00a0\u00bb field_type=\u00a0\u00bbemail\u00a0\u00bb field_background_color=\u00a0\u00bb#ffffff\u00a0\u00bb _builder_version=\u00a0\u00bb3.0.98&Prime; form_field_font=\u00a0\u00bb||||||||\u00a0\u00bb border_radii=\u00a0\u00bbon||||\u00a0\u00bb][\/et_pb_contact_field][et_pb_contact_field field_id=\u00a0\u00bbt\u00e9l\u00e9phone\u00a0\u00bb field_title=\u00a0\u00bbT\u00e9l\u00e9phone\u00a0\u00bb fullwidth_field=\u00a0\u00bbon\u00a0\u00bb field_background_color=\u00a0\u00bb#ffffff\u00a0\u00bb _builder_version=\u00a0\u00bb3.0.98&Prime;][\/et_pb_contact_field][et_pb_contact_field field_id=\u00a0\u00bbMessage\u00a0\u00bb field_title=\u00a0\u00bbMessage\u00a0\u00bb field_type=\u00a0\u00bbtext\u00a0\u00bb fullwidth_field=\u00a0\u00bbon\u00a0\u00bb field_background_color=\u00a0\u00bb#ffffff\u00a0\u00bb _builder_version=\u00a0\u00bb3.0.98&Prime; form_field_font=\u00a0\u00bb||||||||\u00a0\u00bb border_radii=\u00a0\u00bbon||||\u00a0\u00bb][\/et_pb_contact_field][\/et_pb_contact_form][et_pb_text _builder_version=\u00a0\u00bb3.0.98&Prime;]<\/p>\n<p><em>En soumettant ce formulaire, vous acceptez que les informations saisies soient utilis\u00e9es pour permettre de vous recontacter en retour dans le cadre d&rsquo;une demande de devis, de renseignements etc&#8230; Pour plus d&rsquo;informations, consultez notre <a href=\"https:\/\/climlattes.com\/index.php\/politique-de-confidentialite\/\">politique de confidentialit\u00e9.<\/a><\/em><\/p>\n<p>[\/et_pb_text][\/et_pb_column][\/et_pb_row][\/et_pb_section]<\/p>\n","protected":false},"excerpt":{"rendered":"<p>La climatisation est une technique utilis\u00e9e pour modifier les conditions climatiques d\u2019un environnement, ceci pour des raisons de confort ou d\u2019obtention de conditions particuli\u00e8res. D\u00e9couvrez et comprenez les fonctionnements des diff\u00e9rents types de climatiseurs et pourquoi il est important d&rsquo;y \u00eatre sensibilis\u00e9 avant de faire votre choix. UN SEUL APPAREIL POUR FAIRE DU CHAUD ET [&hellip;]<\/p>\n","protected":false},"author":1,"featured_media":0,"parent":0,"menu_order":0,"comment_status":"closed","ping_status":"closed","template":"","meta":{"_et_pb_use_builder":"on","_et_pb_old_content":"","_et_gb_content_width":""},"_links":{"self":[{"href":"https:\/\/climlattes.com\/index.php\/wp-json\/wp\/v2\/pages\/200"}],"collection":[{"href":"https:\/\/climlattes.com\/index.php\/wp-json\/wp\/v2\/pages"}],"about":[{"href":"https:\/\/climlattes.com\/index.php\/wp-json\/wp\/v2\/types\/page"}],"author":[{"embeddable":true,"href":"https:\/\/climlattes.com\/index.php\/wp-json\/wp\/v2\/users\/1"}],"replies":[{"embeddable":true,"href":"https:\/\/climlattes.com\/index.php\/wp-json\/wp\/v2\/comments?post=200"}],"version-history":[{"count":54,"href":"https:\/\/climlattes.com\/index.php\/wp-json\/wp\/v2\/pages\/200\/revisions"}],"predecessor-version":[{"id":501,"href":"https:\/\/climlattes.com\/index.php\/wp-json\/wp\/v2\/pages\/200\/revisions\/501"}],"wp:attachment":[{"href":"https:\/\/climlattes.com\/index.php\/wp-json\/wp\/v2\/media?parent=200"}],"curies":[{"name":"wp","href":"https:\/\/api.w.org\/{rel}","templated":true}]}}