{"id":259,"date":"2018-05-09T10:47:16","date_gmt":"2018-05-09T08:47:16","guid":{"rendered":"http:\/\/climlattes.com\/?page_id=259"},"modified":"2018-05-19T09:31:52","modified_gmt":"2018-05-19T07:31:52","slug":"depannage","status":"publish","type":"page","link":"https:\/\/climlattes.com\/index.php\/depannage\/","title":{"rendered":"D\u00e9pannage"},"content":{"rendered":"<p>[et_pb_section fb_built=\u00a0\u00bb1&Prime; _builder_version=\u00a0\u00bb3.0.47&Prime;][et_pb_row use_custom_width=\u00a0\u00bbon\u00a0\u00bb custom_width_px=\u00a0\u00bb1265px\u00a0\u00bb _builder_version=\u00a0\u00bb3.0.98&Prime; background_size=\u00a0\u00bbinitial\u00a0\u00bb background_position=\u00a0\u00bbtop_left\u00a0\u00bb background_repeat=\u00a0\u00bbrepeat\u00a0\u00bb][et_pb_column type=\u00a0\u00bb1_2&Prime; _builder_version=\u00a0\u00bb3.0.98&Prime; parallax=\u00a0\u00bboff\u00a0\u00bb parallax_method=\u00a0\u00bbon\u00a0\u00bb][et_pb_text _builder_version=\u00a0\u00bb3.0.98&Prime;]<\/p>\n<p><strong>Votre climatisation est tomb\u00e9e en panne ? Ou pour la maintenance de votre appareil, contactez-nous.<\/strong><\/p>\n<p>CLIM LATTES est habilit\u00e9 \u00e0 r\u00e9parer toutes les climatisations, quelle que soit la marque.<\/p>\n<p><strong>Tarif maintenance &#038; entretien<\/strong> : \u00e0 partir de 90\u20ac TTC le monosplit.<br \/> <strong>Tarif d\u00e9pannage<\/strong> : 45\u20ac TTC de l&rsquo;heure, pour un d\u00e9pannage sur Lattes et environs (rayon 10 Km).<\/p>\n<p>N\u2019h\u00e9sitez pas \u00e0 nous contacter au <b>07 89 75 74 24 <\/b>ou via le formulaire de contact ci-dessous, notre technicien prendra contact avec vous tr\u00e8s rapidement.<\/p>\n<p>[\/et_pb_text][et_pb_contact_form email=\u00a0\u00bbclement1707@gmail.com\u00a0\u00bb title=\u00a0\u00bbPour un d\u00e9pannage ou maintenance, contactez-nous\u00a0\u00bb success_message=\u00a0\u00bbNotre technicien vous contactera tr\u00e8s rapidement\u00a0\u00bb module_id=\u00a0\u00bbet_pb_contact_form_0&Prime; _builder_version=\u00a0\u00bb3.0.98&Prime; title_font=\u00a0\u00bb||||||||\u00a0\u00bb title_font_size=\u00a0\u00bb18px\u00a0\u00bb][et_pb_contact_field field_id=\u00a0\u00bbName\u00a0\u00bb field_title=\u00a0\u00bbNom\u00a0\u00bb _builder_version=\u00a0\u00bb3.0.47&Prime; border_radii=\u00a0\u00bbon||||\u00a0\u00bb][\/et_pb_contact_field][et_pb_contact_field field_id=\u00a0\u00bbt\u00e9l\u00e9phone\u00a0\u00bb field_title=\u00a0\u00bbT\u00e9l\u00e9phone\u00a0\u00bb fullwidth_field=\u00a0\u00bbon\u00a0\u00bb _builder_version=\u00a0\u00bb3.0.98&Prime;][\/et_pb_contact_field][et_pb_contact_field field_id=\u00a0\u00bbEmail\u00a0\u00bb field_title=\u00a0\u00bbAdresse e-mail\u00a0\u00bb field_type=\u00a0\u00bbemail\u00a0\u00bb _builder_version=\u00a0\u00bb3.0.47&Prime; border_radii=\u00a0\u00bbon||||\u00a0\u00bb][\/et_pb_contact_field][et_pb_contact_field field_id=\u00a0\u00bbMessage\u00a0\u00bb field_title=\u00a0\u00bbMessage\u00a0\u00bb field_type=\u00a0\u00bbtext\u00a0\u00bb fullwidth_field=\u00a0\u00bbon\u00a0\u00bb _builder_version=\u00a0\u00bb3.0.47&Prime; border_radii=\u00a0\u00bbon||||\u00a0\u00bb][\/et_pb_contact_field][\/et_pb_contact_form][\/et_pb_column][et_pb_column type=\u00a0\u00bb1_2&Prime; _builder_version=\u00a0\u00bb3.0.98&Prime; parallax=\u00a0\u00bboff\u00a0\u00bb parallax_method=\u00a0\u00bbon\u00a0\u00bb][et_pb_image src=\u00a0\u00bbhttp:\/\/climlattes.com\/wp-content\/uploads\/2018\/05\/depannage-climatisation-lattes.jpg\u00a0\u00bb _builder_version=\u00a0\u00bb3.0.98&Prime; max_width=\u00a0\u00bb80%\u00a0\u00bb][\/et_pb_image][\/et_pb_column][\/et_pb_row][\/et_pb_section][et_pb_section fb_built=\u00a0\u00bb1&Prime; _builder_version=\u00a0\u00bb3.0.98&Prime; custom_padding=\u00a0\u00bb59px|0px|0px|0px\u00a0\u00bb global_module=\u00a0\u00bb499&Prime;][et_pb_row make_fullwidth=\u00a0\u00bbon\u00a0\u00bb custom_padding=\u00a0\u00bb27px|0px|0px|0px\u00a0\u00bb _builder_version=\u00a0\u00bb3.0.98&Prime; background_size=\u00a0\u00bbinitial\u00a0\u00bb background_position=\u00a0\u00bbtop_left\u00a0\u00bb background_repeat=\u00a0\u00bbrepeat\u00a0\u00bb][et_pb_column type=\u00a0\u00bb1_4&Prime; _builder_version=\u00a0\u00bb3.0.47&Prime; parallax=\u00a0\u00bboff\u00a0\u00bb parallax_method=\u00a0\u00bbon\u00a0\u00bb][et_pb_blurb title=\u00a0\u00bbVotre clim \u00e0 partir de 1150\u20ac*\u00a0\u00bb url=\u00a0\u00bbhttps:\/\/climlattes.com\/index.php\/87-2\/\u00a0\u00bb icon_color=\u00a0\u00bb#2ea3f2&Prime; image=\u00a0\u00bbhttp:\/\/climlattes.com\/wp-content\/uploads\/2018\/05\/airconditionne-copie.jpg\u00a0\u00bb admin_label=\u00a0\u00bbBlurb\u00a0\u00bb _builder_version=\u00a0\u00bb3.0.98&Prime; header_font=\u00a0\u00bb|600|||||||\u00a0\u00bb background_size=\u00a0\u00bbinitial\u00a0\u00bb background_position=\u00a0\u00bbtop_left\u00a0\u00bb background_repeat=\u00a0\u00bbrepeat\u00a0\u00bb border_radii_image=\u00a0\u00bbon|2px|2px|2px|2px\u00a0\u00bb text_orientation=\u00a0\u00bbcenter\u00a0\u00bb]* Jusqu\u2019\u00e0 25m\u00b2 (selon isolation), pose\u00a0 en dos \u00e0 dos. Alimentation \u00e9lectrique \u00e0 moins de 2m.<br \/>\n[\/et_pb_blurb][\/et_pb_column][et_pb_column type=\u00a0\u00bb1_4&Prime; _builder_version=\u00a0\u00bb3.0.47&Prime; parallax=\u00a0\u00bboff\u00a0\u00bb parallax_method=\u00a0\u00bbon\u00a0\u00bb][et_pb_blurb title=\u00a0\u00bbLes garanties CLIM LATTES\u00a0\u00bb url=\u00a0\u00bbhttps:\/\/climlattes.com\/index.php\/87-2\/\u00a0\u00bb icon_color=\u00a0\u00bb#2ea3f2&Prime; image=\u00a0\u00bbhttp:\/\/climlattes.com\/wp-content\/uploads\/2018\/05\/garanties-climlattes-2.jpg\u00a0\u00bb admin_label=\u00a0\u00bbBlurb\u00a0\u00bb _builder_version=\u00a0\u00bb3.0.98&Prime; header_font=\u00a0\u00bb|600|||||||\u00a0\u00bb background_size=\u00a0\u00bbinitial\u00a0\u00bb background_position=\u00a0\u00bbtop_left\u00a0\u00bb background_repeat=\u00a0\u00bbrepeat\u00a0\u00bb border_radii_image=\u00a0\u00bbon|2px|2px|2px|2px\u00a0\u00bb text_orientation=\u00a0\u00bbcenter\u00a0\u00bb]CLIM LATTES garantie ses installations 3 ans pi\u00e8ces, main d&rsquo;oeuvre et d\u00e9placement sur Lattes (et rayon 10 km). 5 ans sur les compresseurs.<br \/>\n[\/et_pb_blurb][\/et_pb_column][et_pb_column type=\u00a0\u00bb1_4&Prime; _builder_version=\u00a0\u00bb3.0.47&Prime; parallax=\u00a0\u00bboff\u00a0\u00bb parallax_method=\u00a0\u00bbon\u00a0\u00bb][et_pb_blurb title=\u00a0\u00bbQuelle clim est faite pour vous ?\u00a0\u00bb url=\u00a0\u00bbhttps:\/\/climlattes.com\/index.php\/comprendre-votre-climatiseur\/\u00a0\u00bb icon_color=\u00a0\u00bb#2ea3f2&Prime; image=\u00a0\u00bbhttp:\/\/climlattes.com\/wp-content\/uploads\/2018\/05\/vignette-2.jpg\u00a0\u00bb admin_label=\u00a0\u00bbBlurb\u00a0\u00bb _builder_version=\u00a0\u00bb3.0.98&Prime; header_font=\u00a0\u00bb|600|||||||\u00a0\u00bb background_size=\u00a0\u00bbinitial\u00a0\u00bb background_position=\u00a0\u00bbtop_left\u00a0\u00bb background_repeat=\u00a0\u00bbrepeat\u00a0\u00bb border_radii_image=\u00a0\u00bbon|2px|2px|2px|2px\u00a0\u00bb text_orientation=\u00a0\u00bbcenter\u00a0\u00bb]D\u00e9couvrez et comprennez pourquoi les termes : r\u00e9versible, PAC et COP sont importants dans le choix de votre mod\u00e8le de climatisation.<br \/>\n[\/et_pb_blurb][\/et_pb_column][et_pb_column type=\u00a0\u00bb1_4&Prime; _builder_version=\u00a0\u00bb3.0.47&Prime; parallax=\u00a0\u00bboff\u00a0\u00bb parallax_method=\u00a0\u00bbon\u00a0\u00bb][et_pb_blurb title=\u00a0\u00bbD\u00e9pannage &#038; maintenance\u00a0\u00bb url=\u00a0\u00bbhttps:\/\/climlattes.com\/index.php\/depannage\/\u00a0\u00bb icon_color=\u00a0\u00bb#2ea3f2&Prime; image=\u00a0\u00bbhttp:\/\/climlattes.com\/wp-content\/uploads\/2018\/05\/depannage-clim-lattes.jpg\u00a0\u00bb admin_label=\u00a0\u00bbBlurb\u00a0\u00bb _builder_version=\u00a0\u00bb3.0.98&Prime; header_font=\u00a0\u00bb|600|||||||\u00a0\u00bb background_size=\u00a0\u00bbinitial\u00a0\u00bb background_position=\u00a0\u00bbtop_left\u00a0\u00bb background_repeat=\u00a0\u00bbrepeat\u00a0\u00bb border_radii_image=\u00a0\u00bbon|2px|2px|2px|2px\u00a0\u00bb text_orientation=\u00a0\u00bbcenter\u00a0\u00bb]Votre climatisation est tomb\u00e9e en panne ?<br \/>\nOu pour la maintenance de votre appareil, contactez-nous.<br \/>\n[\/et_pb_blurb][et_pb_text _builder_version=\u00a0\u00bb3.0.98&Prime;]\u00a0<br \/>\n[\/et_pb_text][et_pb_text _builder_version=\u00a0\u00bb3.0.98&Prime;]\u00a0<br \/>\n[\/et_pb_text][\/et_pb_column][\/et_pb_row][\/et_pb_section]<\/p>\n","protected":false},"excerpt":{"rendered":"<p>Votre climatisation est tomb\u00e9e en panne ? Ou pour la maintenance de votre appareil, contactez-nous. CLIM LATTES est habilit\u00e9 \u00e0 r\u00e9parer toutes les climatisations, quelle que soit la marque. Tarif maintenance &#038; entretien : \u00e0 partir de 90\u20ac TTC le monosplit. Tarif d\u00e9pannage : 45\u20ac TTC de l&rsquo;heure, pour un d\u00e9pannage sur Lattes et environs [&hellip;]<\/p>\n","protected":false},"author":1,"featured_media":0,"parent":0,"menu_order":0,"comment_status":"closed","ping_status":"closed","template":"","meta":{"_et_pb_use_builder":"on","_et_pb_old_content":"","_et_gb_content_width":""},"_links":{"self":[{"href":"https:\/\/climlattes.com\/index.php\/wp-json\/wp\/v2\/pages\/259"}],"collection":[{"href":"https:\/\/climlattes.com\/index.php\/wp-json\/wp\/v2\/pages"}],"about":[{"href":"https:\/\/climlattes.com\/index.php\/wp-json\/wp\/v2\/types\/page"}],"author":[{"embeddable":true,"href":"https:\/\/climlattes.com\/index.php\/wp-json\/wp\/v2\/users\/1"}],"replies":[{"embeddable":true,"href":"https:\/\/climlattes.com\/index.php\/wp-json\/wp\/v2\/comments?post=259"}],"version-history":[{"count":12,"href":"https:\/\/climlattes.com\/index.php\/wp-json\/wp\/v2\/pages\/259\/revisions"}],"predecessor-version":[{"id":506,"href":"https:\/\/climlattes.com\/index.php\/wp-json\/wp\/v2\/pages\/259\/revisions\/506"}],"wp:attachment":[{"href":"https:\/\/climlattes.com\/index.php\/wp-json\/wp\/v2\/media?parent=259"}],"curies":[{"name":"wp","href":"https:\/\/api.w.org\/{rel}","templated":true}]}}