{"id":479,"date":"2018-05-18T11:11:35","date_gmt":"2018-05-18T09:11:35","guid":{"rendered":"http:\/\/climlattes.com\/?page_id=479"},"modified":"2018-05-19T09:42:36","modified_gmt":"2018-05-19T07:42:36","slug":"politique-de-confidentialite","status":"publish","type":"page","link":"https:\/\/climlattes.com\/index.php\/politique-de-confidentialite\/","title":{"rendered":"Politique de confidentialit\u00e9"},"content":{"rendered":"<p>[et_pb_section fb_built=\u00a0\u00bb1&Prime; _builder_version=\u00a0\u00bb3.0.47&Prime;][et_pb_row _builder_version=\u00a0\u00bb3.0.47&Prime; background_size=\u00a0\u00bbinitial\u00a0\u00bb background_position=\u00a0\u00bbtop_left\u00a0\u00bb background_repeat=\u00a0\u00bbrepeat\u00a0\u00bb][et_pb_column type=\u00a0\u00bb4_4&Prime; _builder_version=\u00a0\u00bb3.0.98&Prime; parallax=\u00a0\u00bboff\u00a0\u00bb parallax_method=\u00a0\u00bbon\u00a0\u00bb][et_pb_text _builder_version=\u00a0\u00bb3.0.98&Prime;]<\/p>\n<p><b>Politique de confidentialit\u00e9.<\/b><\/p>\n<p><b>Introduction<\/b><\/p>\n<p>Devant le d\u00e9veloppement des nouveaux outils de communication, il est n\u00e9cessaire de porter une attention particuli\u00e8re \u00e0 la protection de la vie priv\u00e9e. C&rsquo;est pourquoi, nous nous engageons \u00e0 respecter la confidentialit\u00e9 des renseignements personnels que nous collectons.<\/p>\n<p><b>Collecte des renseignements personnels<\/b><\/p>\n<p>Vos renseignements personnels sont collect\u00e9s par le biais du formulaire de contact situ\u00e9 sur les pages du site www.climlattes.com<\/p>\n<p>Nous collectons les renseignements suivants :<\/p>\n<ul>\n<li>Nom<\/li>\n<li>Pr\u00e9nom<\/li>\n<li>Adresse \u00e9lectronique<\/li>\n<li>Num\u00e9ro de t\u00e9l\u00e9phone<\/li>\n<\/ul>\n<p>Les renseignements personnels que nous collectons sont recueillis au travers de formulaires et gr\u00e2ce \u00e0 l&rsquo;interactivit\u00e9 \u00e9tablie entre vous et notre site Web.<\/p>\n<p><strong>Les informations saisies\u00a0informations saisies sont uniquement utilis\u00e9es pour permettre de vous recontacter en retour dans le cadre d&rsquo;une demande de devis, de renseignements etc.. Vos informations ne sont pas conserv\u00e9es \u00e0 des fins commerciales ou d&rsquo;envoie de newsletter.<\/strong><\/p>\n<p>&nbsp;<\/p>\n<p>[\/et_pb_text][\/et_pb_column][\/et_pb_row][\/et_pb_section]<\/p>\n","protected":false},"excerpt":{"rendered":"<p>Politique de confidentialit\u00e9. Introduction Devant le d\u00e9veloppement des nouveaux outils de communication, il est n\u00e9cessaire de porter une attention particuli\u00e8re \u00e0 la protection de la vie priv\u00e9e. C&rsquo;est pourquoi, nous nous engageons \u00e0 respecter la confidentialit\u00e9 des renseignements personnels que nous collectons. Collecte des renseignements personnels Vos renseignements personnels sont collect\u00e9s par le biais du [&hellip;]<\/p>\n","protected":false},"author":1,"featured_media":0,"parent":0,"menu_order":0,"comment_status":"closed","ping_status":"closed","template":"","meta":{"_et_pb_use_builder":"on","_et_pb_old_content":"","_et_gb_content_width":""},"_links":{"self":[{"href":"https:\/\/climlattes.com\/index.php\/wp-json\/wp\/v2\/pages\/479"}],"collection":[{"href":"https:\/\/climlattes.com\/index.php\/wp-json\/wp\/v2\/pages"}],"about":[{"href":"https:\/\/climlattes.com\/index.php\/wp-json\/wp\/v2\/types\/page"}],"author":[{"embeddable":true,"href":"https:\/\/climlattes.com\/index.php\/wp-json\/wp\/v2\/users\/1"}],"replies":[{"embeddable":true,"href":"https:\/\/climlattes.com\/index.php\/wp-json\/wp\/v2\/comments?post=479"}],"version-history":[{"count":5,"href":"https:\/\/climlattes.com\/index.php\/wp-json\/wp\/v2\/pages\/479\/revisions"}],"predecessor-version":[{"id":515,"href":"https:\/\/climlattes.com\/index.php\/wp-json\/wp\/v2\/pages\/479\/revisions\/515"}],"wp:attachment":[{"href":"https:\/\/climlattes.com\/index.php\/wp-json\/wp\/v2\/media?parent=479"}],"curies":[{"name":"wp","href":"https:\/\/api.w.org\/{rel}","templated":true}]}}