{"id":87,"date":"2018-05-04T14:55:10","date_gmt":"2018-05-04T12:55:10","guid":{"rendered":"http:\/\/climlattes.com\/?page_id=87"},"modified":"2018-05-19T09:41:09","modified_gmt":"2018-05-19T07:41:09","slug":"87-2","status":"publish","type":"page","link":"https:\/\/climlattes.com\/index.php\/87-2\/","title":{"rendered":"Tarifs"},"content":{"rendered":"<p>[et_pb_section fb_built=\u00a0\u00bb1&Prime; background_color=\u00a0\u00bb#132c47&Prime; _builder_version=\u00a0\u00bb3.0.47&Prime; parallax=\u00a0\u00bbon\u00a0\u00bb][et_pb_row _builder_version=\u00a0\u00bb3.0.47&Prime; background_size=\u00a0\u00bbinitial\u00a0\u00bb background_position=\u00a0\u00bbtop_left\u00a0\u00bb background_repeat=\u00a0\u00bbrepeat\u00a0\u00bb][et_pb_column type=\u00a0\u00bb4_4&Prime; _builder_version=\u00a0\u00bb3.0.47&Prime; parallax=\u00a0\u00bboff\u00a0\u00bb parallax_method=\u00a0\u00bbon\u00a0\u00bb][et_pb_image src=\u00a0\u00bbhttp:\/\/climlattes.com\/wp-content\/uploads\/2018\/05\/promo-climlattes-tarifs-2.jpg\u00a0\u00bb _builder_version=\u00a0\u00bb3.0.98&Prime; animation_style=\u00a0\u00bbslide\u00a0\u00bb animation_direction=\u00a0\u00bbbottom\u00a0\u00bb animation_duration=\u00a0\u00bb500ms\u00a0\u00bb animation_intensity_slide=\u00a0\u00bb10%\u00a0\u00bb animation=\u00a0\u00bbbottom\u00a0\u00bb][\/et_pb_image][\/et_pb_column][\/et_pb_row][et_pb_row _builder_version=\u00a0\u00bb3.0.98&Prime; background_size=\u00a0\u00bbinitial\u00a0\u00bb background_position=\u00a0\u00bbtop_left\u00a0\u00bb background_repeat=\u00a0\u00bbrepeat\u00a0\u00bb][et_pb_column type=\u00a0\u00bb1_3&Prime; _builder_version=\u00a0\u00bb3.0.47&Prime; parallax=\u00a0\u00bboff\u00a0\u00bb parallax_method=\u00a0\u00bbon\u00a0\u00bb][et_pb_blurb title=\u00a0\u00bbMonosplit MSZ &#8211; DM25 \u00a0\u00bb icon_color=\u00a0\u00bb#2ea3f2&Prime; use_circle=\u00a0\u00bbon\u00a0\u00bb circle_color=\u00a0\u00bb#0d2035&Prime; image=\u00a0\u00bbhttp:\/\/climlattes.com\/wp-content\/uploads\/2018\/05\/SCOP-1.png\u00a0\u00bb background_layout=\u00a0\u00bbdark\u00a0\u00bb admin_label=\u00a0\u00bbBlurb\u00a0\u00bb _builder_version=\u00a0\u00bb3.0.98&Prime; background_size=\u00a0\u00bbinitial\u00a0\u00bb background_position=\u00a0\u00bbtop_left\u00a0\u00bb background_repeat=\u00a0\u00bbrepeat\u00a0\u00bb text_orientation=\u00a0\u00bbcenter\u00a0\u00bb]<\/p>\n<h4><strong>\u00c0 partir de 1150\u20ac TTC la pose<\/strong><\/h4>\n<p>Garantie 3 ans pi\u00e8ces, main d&rsquo;oeuvre et d\u00e9placement sur Lattes et alentours (10km).<br \/> Garantie 5 ans compresseur.<\/p>\n<p> <em>*Jusqu&rsquo;\u00e0 25m\u00b2 (selon isolation), pose en dos \u00e0 dos, alimentation \u00e9lectrique \u00e0 moins de 2m.<\/em><\/p>\n<p>[\/et_pb_blurb][\/et_pb_column][et_pb_column type=\u00a0\u00bb1_3&Prime; _builder_version=\u00a0\u00bb3.0.47&Prime; parallax=\u00a0\u00bboff\u00a0\u00bb parallax_method=\u00a0\u00bbon\u00a0\u00bb][et_pb_blurb title=\u00a0\u00bbMonosplit MSZ &#8211; DM35VA \u00a0\u00bb icon_color=\u00a0\u00bb#2ad4e0&Prime; use_circle=\u00a0\u00bbon\u00a0\u00bb circle_color=\u00a0\u00bb#0d2035&Prime; image=\u00a0\u00bbhttp:\/\/climlattes.com\/wp-content\/uploads\/2018\/05\/SCOP-1.png\u00a0\u00bb background_layout=\u00a0\u00bbdark\u00a0\u00bb admin_label=\u00a0\u00bbBlurb\u00a0\u00bb _builder_version=\u00a0\u00bb3.0.98&Prime; background_size=\u00a0\u00bbinitial\u00a0\u00bb background_position=\u00a0\u00bbtop_left\u00a0\u00bb background_repeat=\u00a0\u00bbrepeat\u00a0\u00bb text_orientation=\u00a0\u00bbcenter\u00a0\u00bb]<\/p>\n<h4><strong>\u00c0 partir de 1300\u20ac TTC la pose<\/strong><\/h4>\n<p>Garantie 3 ans pi\u00e8ces, main d&rsquo;oeuvre et d\u00e9placement sur Lattes et alentours (10km).<br \/> Garantie 5 ans compresseur.<\/p>\n<p><em>*Jusqu&rsquo;\u00e0 35m\u00b2 (selon isolation), pose en dos \u00e0 dos, alimentation \u00e9lectrique \u00e0 moins de 2m.<\/em><\/p>\n<p>[\/et_pb_blurb][\/et_pb_column][et_pb_column type=\u00a0\u00bb1_3&Prime; _builder_version=\u00a0\u00bb3.0.47&Prime; parallax=\u00a0\u00bboff\u00a0\u00bb parallax_method=\u00a0\u00bbon\u00a0\u00bb][et_pb_blurb title=\u00a0\u00bbMonosplit MSZ &#8211; HJ50VA \u00a0\u00bb icon_color=\u00a0\u00bb#9633e8&Prime; use_circle=\u00a0\u00bbon\u00a0\u00bb circle_color=\u00a0\u00bb#0d2035&Prime; image=\u00a0\u00bbhttp:\/\/climlattes.com\/wp-content\/uploads\/2018\/05\/SCOP2.png\u00a0\u00bb background_layout=\u00a0\u00bbdark\u00a0\u00bb admin_label=\u00a0\u00bbBlurb\u00a0\u00bb _builder_version=\u00a0\u00bb3.0.98&Prime; background_size=\u00a0\u00bbinitial\u00a0\u00bb background_position=\u00a0\u00bbtop_left\u00a0\u00bb background_repeat=\u00a0\u00bbrepeat\u00a0\u00bb text_orientation=\u00a0\u00bbcenter\u00a0\u00bb]<\/p>\n<h4><strong>\u00c0 partir de 1990\u20ac TTC la pose<\/strong><\/h4>\n<p>Garantie 3 ans pi\u00e8ces, main d&rsquo;oeuvre et d\u00e9placement sur Lattes et alentours (10km).<br \/> Garantie 5 ans compresseur.<\/p>\n<p><em>*Jusqu&rsquo;\u00e0 50m\u00b2 (selon isolation), pose en dos \u00e0 dos, alimentation \u00e9lectrique \u00e0 moins de 2m.<\/em><\/p>\n<p>[\/et_pb_blurb][\/et_pb_column][\/et_pb_row][\/et_pb_section][et_pb_section fb_built=\u00a0\u00bb1&Prime; module_id=\u00a0\u00bbbuilder\u00a0\u00bb _builder_version=\u00a0\u00bb3.0.47&Prime; custom_padding=\u00a0\u00bb54px|0px|54px|0px\u00a0\u00bb][et_pb_row _builder_version=\u00a0\u00bb3.0.98&Prime; background_size=\u00a0\u00bbinitial\u00a0\u00bb background_position=\u00a0\u00bbtop_left\u00a0\u00bb background_repeat=\u00a0\u00bbrepeat\u00a0\u00bb][et_pb_column type=\u00a0\u00bb4_4&Prime; _builder_version=\u00a0\u00bb3.0.47&Prime; parallax=\u00a0\u00bboff\u00a0\u00bb parallax_method=\u00a0\u00bbon\u00a0\u00bb][et_pb_text admin_label=\u00a0\u00bbText\u00a0\u00bb _builder_version=\u00a0\u00bb3.0.98&Prime; background_size=\u00a0\u00bbinitial\u00a0\u00bb background_position=\u00a0\u00bbtop_left\u00a0\u00bb background_repeat=\u00a0\u00bbrepeat\u00a0\u00bb text_orientation=\u00a0\u00bbcenter\u00a0\u00bb module_alignment=\u00a0\u00bbcenter\u00a0\u00bb]<\/p>\n<h1><img loading=\"lazy\" src=\"..\/..\/wp-content\/uploads\/2018\/05\/garanties.png\" width=\"800\" height=\"316\" alt=\"garanties\" class=\"wp-image-384 alignnone size-full\" srcset=\"https:\/\/climlattes.com\/wp-content\/uploads\/2018\/05\/garanties.png 800w, https:\/\/climlattes.com\/wp-content\/uploads\/2018\/05\/garanties-300x119.png 300w, https:\/\/climlattes.com\/wp-content\/uploads\/2018\/05\/garanties-768x303.png 768w\" sizes=\"(max-width: 800px) 100vw, 800px\" \/><\/h1>\n<h1>Les garanties CLIM LATTES c&rsquo;est :<\/h1>\n<p>Une garantie 3 ans pi\u00e8ces et 5 ans compresseur mais aussi et surtout \u00a0une garantie main d&rsquo;oeuvre de 3 ans, et ce au m\u00eame tarif.<br \/>1 seul intervenant (du devis \u00e0 la maintenance) pour votre climatisation, c&rsquo;est une installation maitris\u00e9e avec du mat\u00e9riel de confiance, par un technicien confirm\u00e9 et exp\u00e9riment\u00e9. C&rsquo;est pour \u00e7a que nous garantissons 3 ans toutes nos installations.<\/p>\n<p>[\/et_pb_text][\/et_pb_column][\/et_pb_row][\/et_pb_section][et_pb_section fb_built=\u00a0\u00bb1&Prime; background_color=\u00a0\u00bb#0d5de8&Prime; fullwidth=\u00a0\u00bbon\u00a0\u00bb module_id=\u00a0\u00bbbackgrounds\u00a0\u00bb _builder_version=\u00a0\u00bb3.0.98&Prime; parallax=\u00a0\u00bbon\u00a0\u00bb][et_pb_fullwidth_slider admin_label=\u00a0\u00bbFullwidth Slider\u00a0\u00bb _builder_version=\u00a0\u00bb3.0.98&Prime; custom_padding=\u00a0\u00bb|||\u00a0\u00bb custom_padding_tablet=\u00a0\u00bb|||\u00a0\u00bb custom_padding_phone=\u00a0\u00bb|||\u00a0\u00bb][et_pb_slide heading=\u00a0\u00bbFaites-nous confiance\u00a0\u00bb button_text=\u00a0\u00bbEn savoir plus\u00a0\u00bb button_link=\u00a0\u00bbhttps:\/\/climlattes.com\/index.php\/faites-nous-confiance\/\u00a0\u00bb image=\u00a0\u00bbhttp:\/\/climlattes.com\/wp-content\/uploads\/2018\/04\/logo02.png\u00a0\u00bb _builder_version=\u00a0\u00bb3.0.98&Prime; background_color=\u00a0\u00bb#0c71c3&Prime;]<\/p>\n<p><span>Choisir CLIM LATTES c\u2019est faire le choix d\u2019une relation de proximit\u00e9 et de confiance.<\/span><\/p>\n<p>[\/et_pb_slide][\/et_pb_fullwidth_slider][\/et_pb_section][et_pb_section fb_built=\u00a0\u00bb1&Prime; background_color=\u00a0\u00bb#efefef\u00a0\u00bb _builder_version=\u00a0\u00bb3.0.98&Prime; custom_padding=\u00a0\u00bb0px|0px|54px|0px\u00a0\u00bb global_module=\u00a0\u00bb466&Prime;][et_pb_row custom_padding=\u00a0\u00bb40px|0px|27px|0px\u00a0\u00bb _builder_version=\u00a0\u00bb3.0.98&Prime;][et_pb_column type=\u00a0\u00bb4_4&Prime; _builder_version=\u00a0\u00bb3.0.47&Prime; parallax=\u00a0\u00bboff\u00a0\u00bb parallax_method=\u00a0\u00bbon\u00a0\u00bb][et_pb_contact_form captcha=\u00a0\u00bboff\u00a0\u00bb email=\u00a0\u00bbclement1707@gmail.com \u00a0\u00bb title=\u00a0\u00bbUn devis ? Une question ? Contactez-nous !\u00a0\u00bb success_message=\u00a0\u00bbMerci de votre message, nous y r\u00e9pondrons d\u00e8s que possible\u00a0\u00bb module_id=\u00a0\u00bbet_pb_contact_form_0&Prime; _builder_version=\u00a0\u00bb3.0.98&Prime; title_font=\u00a0\u00bb||||||||\u00a0\u00bb title_font_size=\u00a0\u00bb17px\u00a0\u00bb form_field_font=\u00a0\u00bb||||||||\u00a0\u00bb][et_pb_contact_field field_id=\u00a0\u00bbName\u00a0\u00bb field_title=\u00a0\u00bbNom\u00a0\u00bb field_background_color=\u00a0\u00bb#ffffff\u00a0\u00bb _builder_version=\u00a0\u00bb3.0.98&Prime; form_field_font=\u00a0\u00bb||||||||\u00a0\u00bb border_radii=\u00a0\u00bbon||||\u00a0\u00bb][\/et_pb_contact_field][et_pb_contact_field field_id=\u00a0\u00bbEmail\u00a0\u00bb field_title=\u00a0\u00bbAdresse e-mail\u00a0\u00bb field_type=\u00a0\u00bbemail\u00a0\u00bb field_background_color=\u00a0\u00bb#ffffff\u00a0\u00bb _builder_version=\u00a0\u00bb3.0.98&Prime; form_field_font=\u00a0\u00bb||||||||\u00a0\u00bb border_radii=\u00a0\u00bbon||||\u00a0\u00bb][\/et_pb_contact_field][et_pb_contact_field field_id=\u00a0\u00bbt\u00e9l\u00e9phone\u00a0\u00bb field_title=\u00a0\u00bbT\u00e9l\u00e9phone\u00a0\u00bb fullwidth_field=\u00a0\u00bbon\u00a0\u00bb field_background_color=\u00a0\u00bb#ffffff\u00a0\u00bb _builder_version=\u00a0\u00bb3.0.98&Prime;][\/et_pb_contact_field][et_pb_contact_field field_id=\u00a0\u00bbMessage\u00a0\u00bb field_title=\u00a0\u00bbMessage\u00a0\u00bb field_type=\u00a0\u00bbtext\u00a0\u00bb fullwidth_field=\u00a0\u00bbon\u00a0\u00bb field_background_color=\u00a0\u00bb#ffffff\u00a0\u00bb _builder_version=\u00a0\u00bb3.0.98&Prime; form_field_font=\u00a0\u00bb||||||||\u00a0\u00bb border_radii=\u00a0\u00bbon||||\u00a0\u00bb][\/et_pb_contact_field][\/et_pb_contact_form][et_pb_text _builder_version=\u00a0\u00bb3.0.98&Prime;]<\/p>\n<p><em>En soumettant ce formulaire, vous acceptez que les informations saisies soient utilis\u00e9es pour permettre de vous recontacter en retour dans le cadre d&rsquo;une demande de devis, de renseignements etc&#8230; Pour plus d&rsquo;informations, consultez notre <a href=\"https:\/\/climlattes.com\/index.php\/politique-de-confidentialite\/\">politique de confidentialit\u00e9.<\/a><\/em><\/p>\n<p>[\/et_pb_text][\/et_pb_column][\/et_pb_row][\/et_pb_section]<\/p>\n","protected":false},"excerpt":{"rendered":"<p>\u00c0 partir de 1150\u20ac TTC la pose Garantie 3 ans pi\u00e8ces, main d&rsquo;oeuvre et d\u00e9placement sur Lattes et alentours (10km). Garantie 5 ans compresseur. *Jusqu&rsquo;\u00e0 25m\u00b2 (selon isolation), pose en dos \u00e0 dos, alimentation \u00e9lectrique \u00e0 moins de 2m.\u00c0 partir de 1300\u20ac TTC la pose Garantie 3 ans pi\u00e8ces, main d&rsquo;oeuvre et d\u00e9placement sur Lattes [&hellip;]<\/p>\n","protected":false},"author":1,"featured_media":0,"parent":0,"menu_order":0,"comment_status":"closed","ping_status":"closed","template":"","meta":{"_et_pb_use_builder":"on","_et_pb_old_content":"","_et_gb_content_width":""},"_links":{"self":[{"href":"https:\/\/climlattes.com\/index.php\/wp-json\/wp\/v2\/pages\/87"}],"collection":[{"href":"https:\/\/climlattes.com\/index.php\/wp-json\/wp\/v2\/pages"}],"about":[{"href":"https:\/\/climlattes.com\/index.php\/wp-json\/wp\/v2\/types\/page"}],"author":[{"embeddable":true,"href":"https:\/\/climlattes.com\/index.php\/wp-json\/wp\/v2\/users\/1"}],"replies":[{"embeddable":true,"href":"https:\/\/climlattes.com\/index.php\/wp-json\/wp\/v2\/comments?post=87"}],"version-history":[{"count":25,"href":"https:\/\/climlattes.com\/index.php\/wp-json\/wp\/v2\/pages\/87\/revisions"}],"predecessor-version":[{"id":512,"href":"https:\/\/climlattes.com\/index.php\/wp-json\/wp\/v2\/pages\/87\/revisions\/512"}],"wp:attachment":[{"href":"https:\/\/climlattes.com\/index.php\/wp-json\/wp\/v2\/media?parent=87"}],"curies":[{"name":"wp","href":"https:\/\/api.w.org\/{rel}","templated":true}]}}